{"id":137,"date":"2017-03-27T20:09:27","date_gmt":"2017-03-27T20:09:27","guid":{"rendered":"http:\/\/jslbizdev.com\/?page_id=137\/"},"modified":"2021-09-02T18:45:26","modified_gmt":"2021-09-02T18:45:26","slug":"propos-de-johannes","status":"publish","type":"page","link":"https:\/\/jslbizdev.com\/fr\/propos-de-johannes\/","title":{"rendered":"\u00c0 propos de Johannes"},"content":{"rendered":"<p>Un an et demi en tant que directeur ex\u00e9cutif de VALOR\u0112S (Institut de recherche sur les zones c\u00f4ti\u00e8res \u00e0 Shippagan, NB), g\u00e9rant un personnel de 45 personnes et un chiffre d&rsquo;affaires annuel de 3,5 millions de dollars. L&rsquo;Institut met la science au service des industries de la p\u00eache, de l&rsquo;aquaculture, de la tourbe et des projets communautaires environnementaux, en plus d&rsquo;avoir un service d&rsquo;analyse de laboratoire accr\u00e9dit\u00e9. www.valores.ca Poursuite en tant que conseiller d&rsquo;affaires chez VALOR\u0112S, 2018 \u00e0 ce jour.<\/p>\n<p>Cr\u00e9ation d&rsquo;une agence de d\u00e9veloppement commercial, agissant en tant que Business Advisor sur plusieurs projets. www.jslbizdev.com 2017 \u00e0 ce jour.<\/p>\n<p>Membre du conseil d&rsquo;administration de Springboard Atlantic (2 ans)<\/p>\n<p>Johannes a \u00e9t\u00e9 Conseiller en innovation et en r\u00e9seautage pour le Conseil national de recherches &#8211; Programme d&rsquo;aide \u00e0 la recherche industrielle du Canada, r\u00e9gion de l&rsquo;Atlantique et du Nunavut. Responsable de la coordination des activit\u00e9s pour le financement des organisations sans but lucratif, permettant d&rsquo;aider les petites et moyennes entreprises (PME) de l&rsquo;Atlantique par des conseils techniques et d&rsquo;affaires.<\/p>\n<p>Gestionnaire d&rsquo;un budget annuel de 3 \u00e0 5 millions de dollars pour 50 Accords de Contribution afin de conseiller les PME et favoriser leur d\u00e9veloppement.<br \/>\nMembre du conseil d&rsquo;administration de PEI BioAlliance (pendant 7 ans).<br \/>\nA cr\u00e9\u00e9 et d\u00e9velopp\u00e9 le Angel Investor Network, a assist\u00e9 aux congr\u00e8s europ\u00e9ens Angel EBAN et aux congr\u00e8s canadiens Angel NACO.<\/p>\n<p>A d\u00e9velopp\u00e9 et administr\u00e9 une importante initiative originale intitul\u00e9e Canada Open House qui int\u00e8gre les technologies internationales dans le jumelage d&rsquo;entreprises, en collaboration avec le DFAITD, visitant 34 parcs scientifiques en Scandinavie, Allemagne, Grande-Bretagne, aux Pays-Bas et en Belgique.<\/p>\n<p><img loading=\"lazy\" decoding=\"async\" class=\"alignleft\" src=\"http:\/\/jslbizdev.com\/wp-content\/uploads\/2017\/01\/Johannes-Larsen-NRC-IRAP-2-2.jpg\" alt=\"\" width=\"247\" height=\"334\" \/>A particip\u00e9 \u00e0 la Conf\u00e9rence des Nations Unies sur le changement climatique COP15 Copenhague, Danemark, 2009 au nom CNRC PARI Atlantique\u00e9Nunavut<\/p>\n<p>A pr\u00e9sent\u00e9 le concept du Canada Open House au World Conference on Science and Technology Parks en Espagne, en 2007 (IASP).<\/p>\n<p>A particip\u00e9 pendant plusieurs ann\u00e9es \u00e0 l&rsquo;initiative de jumelage du nord-est des \u00c9tats-Unis, en collaboration avec le programme Small Business Innovation Research de la Small Business Administration du gouvernement des \u00c9tats-Unis.<\/p>\n<p>A soutenu l&rsquo;Arctique canadien comme membre du groupe strat\u00e9gique du Programme Arctique du PARI. Particuli\u00e8rement actif au Nunavut, \u00e9tablissant un solide r\u00e9seau et pilotant de nombreuses initiatives tr\u00e8s int\u00e9ressantes.<\/p>\n<p>A dirig\u00e9 l&rsquo;incubateur Miratech Inc. de f\u00e9vrier 1999 \u00e0 janvier 2002 \u00e0 Miramichi, Nouveau-Brunswick. Miratech \u00e9tait un centre entrepreneurial de haute technologie se sp\u00e9cialisant dans les PME de cyber apprentissage, de multim\u00e9dias et de jeux \u00e9lectroniques. Mentorat et soutien \u00e0 la mise en place de PME orient\u00e9es vers la technologie.<\/p>\n<p>A aid\u00e9 le CNRC \u00e0 inclure son p\u00f4le d&rsquo;innovation en commerce \u00e9lectronique de 25 millions de dollars au Nouveau-Brunswick: \u00abSolutions sans fil int\u00e9gr\u00e9es pour le commerce \u00e9lectronique\u00bb.<\/p>\n<p>Nomm\u00e9 l&rsquo;un des 50 premiers PDG du Canada atlantique pour 2001, par Atlantic Business Magazine.<\/p>\n<p>A travaill\u00e9 avec West Penetone Inc., un fabricant de d\u00e9sinfectants de nettoyage et de produits chimiques sp\u00e9cialis\u00e9s, de 1992 \u00e0 1996, \u00e0 Montr\u00e9al, Canada.<\/p>\n<p>A \u00e9labor\u00e9 des accords de licence avec le Japon, Singapour (Indon\u00e9sie, Malaisie), Taiwan, Australie.<\/p>\n<p>A cr\u00e9\u00e9 des coentreprises au Venezuela, en \u00c9quateur, en Colombie, au Chili, et en Argentine;<br \/>\nA ren\u00e9goci\u00e9 des accords de licence en Europe et au Moyen-Orient.<\/p>\n<p>Apr\u00e8s avoir d\u00e9but\u00e9 comme repr\u00e9sentant aux ventes pour Avis Canada, a gravi les \u00e9chelons pour devenir Vice-pr\u00e9sident aux Ventes pour Avis Car Rental, pour l&rsquo;Europe, l&rsquo;Afrique et le Moyen-Orient de 1978 \u00e0 1987, \u00e0 Londres, Angleterre.<\/p>\n","protected":false},"excerpt":{"rendered":"<p>Un an et demi en tant que directeur ex\u00e9cutif de VALOR\u0112S (Institut de recherche sur les zones c\u00f4ti\u00e8res \u00e0 Shippagan, NB), g\u00e9rant un personnel de 45 personnes et un chiffre d&rsquo;affaires annuel de 3,5 millions de dollars. L&rsquo;Institut met la science au service des industries de la p\u00eache, de l&rsquo;aquaculture, de la tourbe et des&hellip;<\/p>\n","protected":false},"author":2,"featured_media":0,"parent":0,"menu_order":0,"comment_status":"closed","ping_status":"closed","template":"","meta":{"footnotes":""},"class_list":["post-137","page","type-page","status-publish","hentry"],"_links":{"self":[{"href":"https:\/\/jslbizdev.com\/fr\/wp-json\/wp\/v2\/pages\/137","targetHints":{"allow":["GET"]}}],"collection":[{"href":"https:\/\/jslbizdev.com\/fr\/wp-json\/wp\/v2\/pages"}],"about":[{"href":"https:\/\/jslbizdev.com\/fr\/wp-json\/wp\/v2\/types\/page"}],"author":[{"embeddable":true,"href":"https:\/\/jslbizdev.com\/fr\/wp-json\/wp\/v2\/users\/2"}],"replies":[{"embeddable":true,"href":"https:\/\/jslbizdev.com\/fr\/wp-json\/wp\/v2\/comments?post=137"}],"version-history":[{"count":4,"href":"https:\/\/jslbizdev.com\/fr\/wp-json\/wp\/v2\/pages\/137\/revisions"}],"predecessor-version":[{"id":233,"href":"https:\/\/jslbizdev.com\/fr\/wp-json\/wp\/v2\/pages\/137\/revisions\/233"}],"wp:attachment":[{"href":"https:\/\/jslbizdev.com\/fr\/wp-json\/wp\/v2\/media?parent=137"}],"curies":[{"name":"wp","href":"https:\/\/api.w.org\/{rel}","templated":true}]}}