{"id":142,"date":"2017-01-24T19:24:56","date_gmt":"2017-01-24T19:24:56","guid":{"rendered":"http:\/\/jslbizdev.com\/home\/"},"modified":"2024-08-22T19:54:04","modified_gmt":"2024-08-22T19:54:04","slug":"home","status":"publish","type":"page","link":"https:\/\/jslbizdev.com\/fr\/","title":{"rendered":"Accueil"},"content":{"rendered":"\n\n\t\t\t\t<img loading=\"lazy\" decoding=\"async\" src=\"https:\/\/jslbizdev.com\/wp-content\/uploads\/2019\/10\/Johannes1.jpg\" alt=\"Johannes1\" itemprop=\"image\" height=\"370\" width=\"312\" title=\"Johannes1\" onerror=\"this.style.display='none'\"  \/>\n<h1>\n\t\tJohannes Larsen\n\t<\/h1>\n<h2>\n\t\tBusiness Advisor\n\t<\/h2>\n\t\t\t\t\u00ab\u00a0Vous ne perdez jamais, soit vous gagnez,\nsoit vous apprenez\u00a0\u00bb\n\t\t\t\t\n<h3>\n\t\tFournir des conseils et de l&rsquo;expertise aux secteurs priv\u00e9, public et \u00e0 but non lucratif.\n\t<\/h3>\n\t\t\t\t<img loading=\"lazy\" decoding=\"async\" src=\"https:\/\/jslbizdev.com\/wp-content\/uploads\/2017\/01\/networking.png\" alt=\"networking.png\" itemprop=\"image\" height=\"256\" width=\"256\" title=\"networking.png\" onerror=\"this.style.display='none'\"  \/>\n<h3>\n\t\tVentes et r\u00e9seautage\n\t<\/h3>\n\t<p>D\u00e9velopper des processus pour am\u00e9liorer les ventes et le r\u00e9seautage<\/p>\n\t\t\t\t<img loading=\"lazy\" decoding=\"async\" src=\"https:\/\/jslbizdev.com\/wp-content\/uploads\/2017\/01\/commercialization.png\" alt=\"commercialization.png\" itemprop=\"image\" height=\"256\" width=\"256\" title=\"commercialization.png\" onerror=\"this.style.display='none'\"  \/>\n<h3>\n\t\tExpansion du march\u00e9\n\t<\/h3>\n\t<p>Expansion des march\u00e9s nationaux et internationaux<\/p>\n<h3>\n\t\tPurpose-Process-Payoff\n\t<\/h3>\n\t<p>Processus de mat\u00e9rialisation d&rsquo;une id\u00e9e ou d&rsquo;une invention en un bien ou un service qui cr\u00e9e de la valeur pour laquelle les clients paieront. Pour \u00eatre qualifi\u00e9e d&rsquo;innovation, une id\u00e9e doit \u00eatre reproductible \u00e0 un co\u00fbt \u00e9conomique et doit satisfaire un besoin sp\u00e9cifique.<\/p>\n\t\t\t\t<a href=\"https:\/\/jslbizdev.com\/wp-content\/uploads\/2019\/10\/chart.jpg\" target=\"_self\" itemprop=\"url\" rel=\"noopener\">\n\t\t\t\t<img loading=\"lazy\" decoding=\"async\" src=\"https:\/\/jslbizdev.com\/wp-content\/uploads\/2019\/10\/chart.jpg\" alt=\"chart\" itemprop=\"image\" height=\"625\" width=\"1200\" title=\"chart\" onerror=\"this.style.display='none'\"  \/>\n\t\t\t\t<\/a>\n<h3>\n\t\t\u00c0 propos de Johannes\n\t<\/h3>\n\t<p>L&rsquo;exp\u00e9rience de Johannes, en tant que membre de la fonction publique, chef d&rsquo;entreprise et entrepreneur, recoupe le domaine de l&rsquo;entreprise commerciale et de l&rsquo;innovation pour des projets de toutes tailles. Parmi ses nombreuses r\u00e9alisations, il a figur\u00e9 parmi les 50 premiers PDG du Canada Atlantique en 2001, nomm\u00e9s par l&rsquo;Atlantic Business Magazine.<\/p>\n<p>Il a d\u00e9velopp\u00e9 et mis en \u0153uvre une riche expertise commerciale, acquise depuis plus de 35 ans dans les secteurs public et priv\u00e9 \u00e0 travers le monde. Ses comp\u00e9tences administratives incluent : la gestion, le d\u00e9veloppement des affaires, les ventes et le marketing internationaux, les licences technologiques et les strat\u00e9gies de gestion. Ses aptitudes pour le r\u00e9seautage, le d\u00e9veloppement des contacts et des relations d&rsquo;affaires ainsi que la n\u00e9gociation de contrats multinationaux d&rsquo;importance en font ses domaines d&rsquo;expertise.<\/p>\n<p>En tant que membre de l&rsquo;ex\u00e9cutif de plusieurs entreprises internationales, Johannes a: commercialis\u00e9 des technologies; d\u00e9velopp\u00e9 et sign\u00e9 des accords de licence au Japon, \u00e0 Singapour (Indon\u00e9sie, Malaisie), \u00e0 Taiwan et au Mexique; et cr\u00e9\u00e9 des coentreprises au Venezuela, en \u00c9quateur, en Colombie, au Chili et en Argentine en collaboration avec l&rsquo;Agence canadienne de d\u00e9veloppement international.<\/p>\n<p>Il a occup\u00e9 le poste de Vice-pr\u00e9sident aux ventes chez Avis location de voitures pour la division Europe, Afrique et Moyen-Orient, o\u00f9 il a dirig\u00e9 un nombreux et diversifi\u00e9 personnel de ventes et de r\u00e9servations et a \u00e9tabli des relations \u00e9troites avec des multinationales-cl\u00e9s dans quinze pays europ\u00e9ens et aux \u00c9tats-Unis.<\/p>\n<p>Johannes navigue avec aisance dans les probl\u00e9matiques gouvernementales et commerciales de tous niveaux, et gr\u00e2ce \u00e0 la qualit\u00e9 de ses relations interpersonnelles, \u00e0 ses capacit\u00e9s \u00e0 collaborer efficacement au sein d&rsquo;une \u00e9quipe de travail et \u00e0 son int\u00e9grit\u00e9, il est consid\u00e9r\u00e9 comme \u00e9tant un conseiller strat\u00e9gique de confiance.<\/p>\n\t\t\t<a href=\"https:\/\/jslbizdev.com\/fr\/propos-de-johannes\/\" target=\"_self\" rel=\"noopener\">\n\t\t\t\t\t\t\tEn lire plus \u00bb\n\t\t\t\t\t<\/a>\n<h3>\n\t\tContactez Johannes\n\t<\/h3>\n\t<h2>JSL Business Advisory Services<\/h2>\n<h4><strong>55 Old Ferry Rd #301<\/strong><br \/>\n<strong>Miramichi NB<\/strong><br \/>\n<strong>E1V 0C2<\/strong><\/h4>\n<p><strong>T\u00e9l\u00e9phone: (506) 626-0102<\/strong><\/p>\n<p><strong>Courriel:<\/strong>\u00a0<a data-enc-email=\"wbunaarf[at]wfyovmqri.pbz\" data-wpel-link=\"ignore\">johannes@jslbizdev.com<\/a><\/p>\n<p><strong>\u00ab\u00a0Vous ne perdez jamais, soit vous gagnez, soit vous apprenez\u00a0\u00bb<\/strong><\/p>\n\t\t\t\t<img loading=\"lazy\" decoding=\"async\" src=\"https:\/\/jslbizdev.com\/wp-content\/uploads\/2017\/02\/JohannesLarsen2.jpg\" alt=\"JohannesLarsen2\" itemprop=\"image\" height=\"399\" width=\"552\" title=\"JohannesLarsen2\" onerror=\"this.style.display='none'\"  \/>\n\n","protected":false},"excerpt":{"rendered":"<p>Johannes Larsen Business Advisor \u00ab\u00a0Vous ne perdez jamais, soit vous gagnez, soit vous apprenez\u00a0\u00bb Fournir des conseils et de l&rsquo;expertise aux secteurs priv\u00e9, public et \u00e0 but non lucratif. Ventes et r\u00e9seautage D\u00e9velopper des processus pour am\u00e9liorer les ventes et le r\u00e9seautage Expansion du march\u00e9 Expansion des march\u00e9s nationaux et internationaux Purpose-Process-Payoff Processus de mat\u00e9rialisation&hellip;<\/p>\n","protected":false},"author":2,"featured_media":0,"parent":0,"menu_order":0,"comment_status":"closed","ping_status":"closed","template":"","meta":{"footnotes":""},"class_list":["post-142","page","type-page","status-publish","hentry"],"_links":{"self":[{"href":"https:\/\/jslbizdev.com\/fr\/wp-json\/wp\/v2\/pages\/142","targetHints":{"allow":["GET"]}}],"collection":[{"href":"https:\/\/jslbizdev.com\/fr\/wp-json\/wp\/v2\/pages"}],"about":[{"href":"https:\/\/jslbizdev.com\/fr\/wp-json\/wp\/v2\/types\/page"}],"author":[{"embeddable":true,"href":"https:\/\/jslbizdev.com\/fr\/wp-json\/wp\/v2\/users\/2"}],"replies":[{"embeddable":true,"href":"https:\/\/jslbizdev.com\/fr\/wp-json\/wp\/v2\/comments?post=142"}],"version-history":[{"count":2,"href":"https:\/\/jslbizdev.com\/fr\/wp-json\/wp\/v2\/pages\/142\/revisions"}],"predecessor-version":[{"id":269,"href":"https:\/\/jslbizdev.com\/fr\/wp-json\/wp\/v2\/pages\/142\/revisions\/269"}],"wp:attachment":[{"href":"https:\/\/jslbizdev.com\/fr\/wp-json\/wp\/v2\/media?parent=142"}],"curies":[{"name":"wp","href":"https:\/\/api.w.org\/{rel}","templated":true}]}}